{"id":19,"date":"2024-11-20T03:08:55","date_gmt":"2024-11-20T03:08:55","guid":{"rendered":"https:\/\/www.sheratonmadridmirasierra.com\/?page_id=19"},"modified":"2024-11-20T03:17:15","modified_gmt":"2024-11-20T03:17:15","slug":"reuniones","status":"publish","type":"page","link":"https:\/\/www.sheratonmadridmirasierra.com\/?page_id=19","title":{"rendered":"Reuniones"},"content":{"rendered":"\n<p class=\"has-large-font-size\"><strong>REUNIONES Y EVENTOS<\/strong><\/p>\n\n\n\n<figure class=\"wp-block-image size-large\"><img loading=\"lazy\" decoding=\"async\" width=\"1024\" height=\"576\" src=\"https:\/\/www.sheratonmadridmirasierra.com\/wp-content\/uploads\/2024\/11\/image-1024x576.png\" alt=\"\" class=\"wp-image-21\" srcset=\"https:\/\/www.sheratonmadridmirasierra.com\/wp-content\/uploads\/2024\/11\/image-1024x576.png 1024w, https:\/\/www.sheratonmadridmirasierra.com\/wp-content\/uploads\/2024\/11\/image-300x169.png 300w, https:\/\/www.sheratonmadridmirasierra.com\/wp-content\/uploads\/2024\/11\/image-768x432.png 768w, https:\/\/www.sheratonmadridmirasierra.com\/wp-content\/uploads\/2024\/11\/image-1536x864.png 1536w, https:\/\/www.sheratonmadridmirasierra.com\/wp-content\/uploads\/2024\/11\/image.png 1600w\" sizes=\"auto, (max-width: 1024px) 100vw, 1024px\" \/><\/figure>\n\n\n\n<p>Descubra\u00a01.800 m2 de espacio para negocios, compuesto por 17 salones independientes, con luz natural ubicados en dos plantas del hotel. Leer m\u00e1s.<\/p>\n\n\n\n<p>Idealmente ubicado en la zona norte de Madrid, el Sheraton Madrid Mirasierra Hotel &amp; Spa se encuentra\u00a0a escasos minutos de algunos de los puntos neur\u00e1lgicos m\u00e1s importantes de Madrid, tales como el Paseo de la Castellana, el Recinto Ferial Juan Carlos I (IFEMA) o el.<\/p>\n\n\n\n<p>Aeropuerto Internacional de Madrid-Barajas, y junto a las principales v\u00edas y carreteras de la ciudad. Adem\u00e1s, dispone de parada de Metro a tan s\u00f3lo 5 minutos y de autobuses con conexi\u00f3n directa al centro de la ciudad.<\/p>\n","protected":false},"excerpt":{"rendered":"<p>REUNIONES Y EVENTOS Descubra\u00a01.800 m2 de espacio para negocios, compuesto por 17 salones independientes, con luz natural ubicados en dos plantas del hotel. Leer m\u00e1s. Idealmente ubicado en la zona norte de Madrid, el Sheraton Madrid Mirasierra Hotel &amp; Spa se encuentra\u00a0a escasos minutos de algunos de los puntos neur\u00e1lgicos m\u00e1s importantes de Madrid, tales [&hellip;]<\/p>\n","protected":false},"author":1,"featured_media":0,"parent":0,"menu_order":2,"comment_status":"closed","ping_status":"closed","template":"","meta":{"footnotes":""},"class_list":["post-19","page","type-page","status-publish","hentry"],"_links":{"self":[{"href":"https:\/\/www.sheratonmadridmirasierra.com\/index.php?rest_route=\/wp\/v2\/pages\/19","targetHints":{"allow":["GET"]}}],"collection":[{"href":"https:\/\/www.sheratonmadridmirasierra.com\/index.php?rest_route=\/wp\/v2\/pages"}],"about":[{"href":"https:\/\/www.sheratonmadridmirasierra.com\/index.php?rest_route=\/wp\/v2\/types\/page"}],"author":[{"embeddable":true,"href":"https:\/\/www.sheratonmadridmirasierra.com\/index.php?rest_route=\/wp\/v2\/users\/1"}],"replies":[{"embeddable":true,"href":"https:\/\/www.sheratonmadridmirasierra.com\/index.php?rest_route=%2Fwp%2Fv2%2Fcomments&post=19"}],"version-history":[{"count":2,"href":"https:\/\/www.sheratonmadridmirasierra.com\/index.php?rest_route=\/wp\/v2\/pages\/19\/revisions"}],"predecessor-version":[{"id":23,"href":"https:\/\/www.sheratonmadridmirasierra.com\/index.php?rest_route=\/wp\/v2\/pages\/19\/revisions\/23"}],"wp:attachment":[{"href":"https:\/\/www.sheratonmadridmirasierra.com\/index.php?rest_route=%2Fwp%2Fv2%2Fmedia&parent=19"}],"curies":[{"name":"wp","href":"https:\/\/api.w.org\/{rel}","templated":true}]}}