{"id":26,"date":"2024-11-20T03:13:02","date_gmt":"2024-11-20T03:13:02","guid":{"rendered":"https:\/\/www.sheratonmadridmirasierra.com\/?page_id=26"},"modified":"2024-11-20T03:17:27","modified_gmt":"2024-11-20T03:17:27","slug":"reservas","status":"publish","type":"page","link":"http:\/\/www.sheratonmadridmirasierra.com\/?page_id=26","title":{"rendered":"Reservas"},"content":{"rendered":"\n<p>Sheraton Madrid Mirasierra\u00a0le propone una diversidad de espacios y ambientes\u00a0con las m\u00e1s tentadoras sugerencias para que cada paladar encuentre la propuesta que mejor se adapte a sus gustos culinarios.<\/p>\n\n\n\n<p>M\u00e1s informaci\u00f3n y reservas:\u00a0(+34) 91 727 79 11<\/p>\n\n\n\n<p>De ambiente tranquilo y rom\u00e1ntico y a tan solo 10 minutos del Paseo de la Castellana, el restaurante Verdil ofrece una exquisita y variada selecci\u00f3n de platos &#8220;a la carta&#8221;, adem\u00e1s de un excelente men\u00fa ejecutivo para los almuerzos todos los d\u00edas de la semana. Durante la noche, su ambiente \u00edntimo lo convierte en el entorno ideal para pasar una excelente velada y desconectar de la vor\u00e1gine de la capital.<br><br>El restaurante Verdil aporta una\u00a0novedosa oferta gastron\u00f3mica basada en la filosof\u00eda del &#8220;Bistronomic&#8221;, se trata de una cocina de alta gama a precio asequible.<\/p>\n\n\n\n<p>Adem\u00e1s, de martes a s\u00e1bado por las tardes, el restaurante dispone de una barra de sushi donde un experto sushi chef hace las delicias de los comensales con una amplia variedad de makis, nigiris y sashimis entre otros.<br><br>El restaurante ofrece\u00a0men\u00fas para grupos\u00a0a partir de 10 comensales. Contacte con el\u00a0restaurante\u00a0directamente para obtener m\u00e1s informaci\u00f3n.<br><br>Durante los meses de verano, el restaurante dispone de una\u00a0agradable terraza al aire libre\u00a0que se convierte en el marco perfecto para disfrutar de esta atractiva oferta gastron\u00f3mica rodeado de una refrescante atm\u00f3sfera y cuidada ambientaci\u00f3n.\u00a0<\/p>\n\n\n\n<p>Desayunos: 7:00-11:00<br>Almuerzos: 13:00-16:00<br>Cenas: 20:00-23:00\u00a0\u00a0\u00a0\u00a0\u00a0\u00a0\u00a0\u00a0\u00a0\u00a0<\/p>\n\n\n\n<p><\/p>\n","protected":false},"excerpt":{"rendered":"<p>Sheraton Madrid Mirasierra\u00a0le propone una diversidad de espacios y ambientes\u00a0con las m\u00e1s tentadoras sugerencias para que cada paladar encuentre la propuesta que mejor se adapte a sus gustos culinarios. M\u00e1s informaci\u00f3n y reservas:\u00a0(+34) 91 727 79 11 De ambiente tranquilo y rom\u00e1ntico y a tan solo 10 minutos del Paseo de la Castellana, el restaurante [&hellip;]<\/p>\n","protected":false},"author":1,"featured_media":0,"parent":0,"menu_order":4,"comment_status":"closed","ping_status":"closed","template":"","meta":{"footnotes":""},"class_list":["post-26","page","type-page","status-publish","hentry"],"_links":{"self":[{"href":"http:\/\/www.sheratonmadridmirasierra.com\/index.php?rest_route=\/wp\/v2\/pages\/26","targetHints":{"allow":["GET"]}}],"collection":[{"href":"http:\/\/www.sheratonmadridmirasierra.com\/index.php?rest_route=\/wp\/v2\/pages"}],"about":[{"href":"http:\/\/www.sheratonmadridmirasierra.com\/index.php?rest_route=\/wp\/v2\/types\/page"}],"author":[{"embeddable":true,"href":"http:\/\/www.sheratonmadridmirasierra.com\/index.php?rest_route=\/wp\/v2\/users\/1"}],"replies":[{"embeddable":true,"href":"http:\/\/www.sheratonmadridmirasierra.com\/index.php?rest_route=%2Fwp%2Fv2%2Fcomments&post=26"}],"version-history":[{"count":1,"href":"http:\/\/www.sheratonmadridmirasierra.com\/index.php?rest_route=\/wp\/v2\/pages\/26\/revisions"}],"predecessor-version":[{"id":28,"href":"http:\/\/www.sheratonmadridmirasierra.com\/index.php?rest_route=\/wp\/v2\/pages\/26\/revisions\/28"}],"wp:attachment":[{"href":"http:\/\/www.sheratonmadridmirasierra.com\/index.php?rest_route=%2Fwp%2Fv2%2Fmedia&parent=26"}],"curies":[{"name":"wp","href":"https:\/\/api.w.org\/{rel}","templated":true}]}}