{"id":17,"date":"2024-11-20T03:06:18","date_gmt":"2024-11-20T03:06:18","guid":{"rendered":"https:\/\/www.sheratonmadridmirasierra.com\/?page_id=17"},"modified":"2024-11-20T03:17:05","modified_gmt":"2024-11-20T03:17:05","slug":"restaurantes","status":"publish","type":"page","link":"http:\/\/www.sheratonmadridmirasierra.com\/?page_id=17","title":{"rendered":"Restaurantes"},"content":{"rendered":"\n<h1 class=\"wp-block-heading has-large-font-size\"><strong>Restaurantes y bares Sheraton Madrid Mirasierra Hotel &amp; Spa<\/strong><\/h1>\n\n\n\n<p>Sheraton Madrid Mirasierra\u00a0le propone una diversidad de espacios y ambientes\u00a0con las m\u00e1s tentadoras sugerencias para que cada paladar encuentre la propuesta que mejor se adapte a sus gustos culinarios.<\/p>\n\n\n\n<p>M\u00e1s informaci\u00f3n y reservas:\u00a0(+34) 91 727 79 11<\/p>\n\n\n\n<p>De ambiente tranquilo y rom\u00e1ntico y a tan solo 10 minutos del Paseo de la Castellana, el restaurante Verdil ofrece una exquisita y variada selecci\u00f3n de platos &#8220;a la carta&#8221;, adem\u00e1s de un excelente men\u00fa del d\u00eda para los almuerzos de lunes a viernes todas las semanas. Durante la noche, su ambiente \u00edntimo lo convierte en el entorno ideal para pasar una excelente velada y desconectar de la vor\u00e1gine de la capital.<br><br>Durante la noche, su ambiente \u00edntimo lo convierte en el lugar ideal para pasar una excelente velada y desconectar de la vor\u00e1gine de la capital.\u00a0Hugo Brihuega, Chef Ejecutivo del Hotel,\u00a0propone una\u00a0\u201cCocina de mercado\u201d\u00a0apostando por\u00a0versiones imaginativas y din\u00e1micas de los platos m\u00e1s apetecibles de la temporada a precios asequibles.<\/p>\n\n\n\n<p>Abierto desde la ma\u00f1ana hasta bien entrada la noche, el Lobby Bar ofrece\u00a0desayunos ligeros, suntuosas selecciones de caf\u00e9s, tes y pasteler\u00eda variada, adem\u00e1s una selecta carta de licores y c\u00f3cteles.<br><br>Es el lugar ideal para disfrutar de una tarde relajada con un t\u00e9, s\u00e1ndwiches y raciones para compartir.<\/p>\n\n\n\n<p>Adem\u00e1s, de martes a s\u00e1bado por la noche, tendr\u00e1 la posibilidad de degustar nuestras\u00a0cajas de sushi, preparadas al momento por nuestro experto sushi chef.<\/p>\n\n\n\n<p>Abierto en horario de 10:00 a 2:00 horas.<\/p>\n\n\n\n<p>Disfrute de la Biguine Lounge,\u00a0la terraza del Sheraton Madrid Mirasierra Hotel &amp; Spa.<\/p>\n\n\n\n<p>Junto a la espectacular piscina exterior, ofrece una acogedora atm\u00f3sfera y una amplia carta de c\u00f3teles, champagnes, vinos y especialidades mediterr\u00e1neas servidas en peque\u00f1as porciones para compartir.<\/p>\n\n\n\n<p>Disfrute de la\u00a0atm\u00f3sfera chill-out\u00a0de la Biguine-Lounge: un despliegue de detalles se coordinan cada noche para recrear un oasis \u00fanico en Madrid donde tomar una copa en verano mientras disfruta de buena m\u00fasica\u00a0y una atenci\u00f3n exquisita. Disponible tambi\u00e9n para eventos y fiestas privadas.<\/p>\n\n\n\n<p>Biguine Lounge\u00a0permanecer\u00e1 abierto desde el 30 de Mayo hasta el 14 de Septiembre, abierto de lunes a domingo en horario de 18:00 a 02:00 hrs.<\/p>\n\n\n\n<p>Ensaladas ligeras, s\u00e1ndwiches tentadores, carta de paninis, zumos y batidos naturales componen la oferta de este\u00a0bar al aire libre, abierto durante los meses de verano.<br><br>Bar Piscina\u00a0tambi\u00e9n est\u00e1\u00a0disponible para eventos y fiestas privadas. De esta manera,\u00a0podr\u00eda cerrarse antes\u00a0del horario mencionado\u00a0en caso de que este reservado.<\/p>\n\n\n\n<p>Bar Piscina\u00a0permanecer\u00e1 abierto desde el 30 de Mayo hasta el 14 de Septiembre, abierto de lunes a domingo de 11:00 a 20:00 hrs.<\/p>\n\n\n\n<p>La piscina\u00a0abrir\u00e1 desde el 30 de Mayo hasta el final de temporada, abierta de lunes a domingo de 10:00 hrs. hasta las 20:00 hrs.<\/p>\n\n\n\n<p><\/p>\n","protected":false},"excerpt":{"rendered":"<p>Restaurantes y bares Sheraton Madrid Mirasierra Hotel &amp; Spa Sheraton Madrid Mirasierra\u00a0le propone una diversidad de espacios y ambientes\u00a0con las m\u00e1s tentadoras sugerencias para que cada paladar encuentre la propuesta que mejor se adapte a sus gustos culinarios. M\u00e1s informaci\u00f3n y reservas:\u00a0(+34) 91 727 79 11 De ambiente tranquilo y rom\u00e1ntico y a tan solo [&hellip;]<\/p>\n","protected":false},"author":1,"featured_media":0,"parent":0,"menu_order":1,"comment_status":"closed","ping_status":"closed","template":"","meta":{"footnotes":""},"class_list":["post-17","page","type-page","status-publish","hentry"],"_links":{"self":[{"href":"http:\/\/www.sheratonmadridmirasierra.com\/index.php?rest_route=\/wp\/v2\/pages\/17","targetHints":{"allow":["GET"]}}],"collection":[{"href":"http:\/\/www.sheratonmadridmirasierra.com\/index.php?rest_route=\/wp\/v2\/pages"}],"about":[{"href":"http:\/\/www.sheratonmadridmirasierra.com\/index.php?rest_route=\/wp\/v2\/types\/page"}],"author":[{"embeddable":true,"href":"http:\/\/www.sheratonmadridmirasierra.com\/index.php?rest_route=\/wp\/v2\/users\/1"}],"replies":[{"embeddable":true,"href":"http:\/\/www.sheratonmadridmirasierra.com\/index.php?rest_route=%2Fwp%2Fv2%2Fcomments&post=17"}],"version-history":[{"count":1,"href":"http:\/\/www.sheratonmadridmirasierra.com\/index.php?rest_route=\/wp\/v2\/pages\/17\/revisions"}],"predecessor-version":[{"id":18,"href":"http:\/\/www.sheratonmadridmirasierra.com\/index.php?rest_route=\/wp\/v2\/pages\/17\/revisions\/18"}],"wp:attachment":[{"href":"http:\/\/www.sheratonmadridmirasierra.com\/index.php?rest_route=%2Fwp%2Fv2%2Fmedia&parent=17"}],"curies":[{"name":"wp","href":"https:\/\/api.w.org\/{rel}","templated":true}]}}